{"id":16024,"date":"2025-07-15T10:58:24","date_gmt":"2025-07-15T08:58:24","guid":{"rendered":"https:\/\/foxit-technology.com\/proizvod\/kotao-sukoplam-r\/"},"modified":"2025-07-15T10:58:31","modified_gmt":"2025-07-15T08:58:31","slug":"kotao-sukoplam-r","status":"publish","type":"product","link":"https:\/\/hidroterm.dmcsrbija.com\/ru\/proizvod\/kotao-sukoplam-r\/","title":{"rendered":"Kotao \u0160ukoplam R"},"content":{"rendered":"<p>\u0160ukomplam ima raspon snage od 20 kW do 80 kW. Namenjeni su za \u010dvrsto gorivo a tropromajno lo\u017ei\u0161te omogu\u0107ava odli\u010dnu razmenu toplote i minimalne gubitke u dimnim gasovima. Vrlo jednostavno lo\u017eenje i \u010di\u0161\u0107enje kotla.<\/p>","protected":false},"excerpt":{"rendered":"<p>\u0160ukomplam ima raspon snage od 20 kW do 80 kW. Namenjeni su za \u010dvrsto gorivo a tropromajno lo\u017ei\u0161te omogu\u0107ava odli\u010dnu razmenu toplote i minimalne gubitke u dimnim gasovima. Vrlo jednostavno lo\u017eenje i \u010di\u0161\u0107enje kotla.<\/p>","protected":false},"featured_media":16025,"template":"","meta":[],"product_brand":[4200],"product_cat":[4193,4189],"product_tag":[],"class_list":{"0":"post-16024","1":"product","2":"type-product","3":"status-publish","4":"has-post-thumbnail","6":"product_brand-sukom","7":"product_cat-celicni-kotlovi","8":"product_cat-kotlovi-na-cvrsto-gorivo","10":"first","11":"instock","12":"purchasable","13":"product-type-simple"},"_links":{"self":[{"href":"https:\/\/hidroterm.dmcsrbija.com\/ru\/wp-json\/wp\/v2\/product\/16024","targetHints":{"allow":["GET"]}}],"collection":[{"href":"https:\/\/hidroterm.dmcsrbija.com\/ru\/wp-json\/wp\/v2\/product"}],"about":[{"href":"https:\/\/hidroterm.dmcsrbija.com\/ru\/wp-json\/wp\/v2\/types\/product"}],"wp:featuredmedia":[{"embeddable":true,"href":"https:\/\/hidroterm.dmcsrbija.com\/ru\/wp-json\/wp\/v2\/media\/16025"}],"wp:attachment":[{"href":"https:\/\/hidroterm.dmcsrbija.com\/ru\/wp-json\/wp\/v2\/media?parent=16024"}],"wp:term":[{"taxonomy":"product_brand","embeddable":true,"href":"https:\/\/hidroterm.dmcsrbija.com\/ru\/wp-json\/wp\/v2\/product_brand?post=16024"},{"taxonomy":"product_cat","embeddable":true,"href":"https:\/\/hidroterm.dmcsrbija.com\/ru\/wp-json\/wp\/v2\/product_cat?post=16024"},{"taxonomy":"product_tag","embeddable":true,"href":"https:\/\/hidroterm.dmcsrbija.com\/ru\/wp-json\/wp\/v2\/product_tag?post=16024"}],"curies":[{"name":"wp","href":"https:\/\/api.w.org\/{rel}","templated":true}]}}