{"id":16022,"date":"2025-07-15T10:58:24","date_gmt":"2025-07-15T08:58:24","guid":{"rendered":"https:\/\/foxit-technology.com\/proizvod\/kotao-centrometal-eko-ck-p\/"},"modified":"2025-07-15T10:58:30","modified_gmt":"2025-07-15T08:58:30","slug":"kotao-centrometal-eko-ck-p","status":"publish","type":"product","link":"https:\/\/hidroterm.dmcsrbija.com\/ru\/proizvod\/kotao-centrometal-eko-ck-p\/","title":{"rendered":"Kotao Centrometal EKO &#8211; CK P"},"content":{"rendered":"<p>\u010celi\u010dni toplovodni kotao snage od 14 kW do 90 kW predvi\u0111en je za lo\u017eenje na \u010dvrsto gorivo sa mogu\u0107no\u0161\u0107u prelaska na pelet. Namenjeni su grejanju od najmanjih pa do velikih objekata. Niz proverenih tehni\u010dkih re\u0161enja \u010dini ove kotlove sigurnim i pouzdanim u radu. Ekolo\u0161ki je prihvatljiv jer posti\u017ee niske sadr\u017eaje \u0161tetnih sastojaka u izlaznim dimnim elementima.<\/p>\n<p><img decoding=\"async\" src=\"images\/eko-ck-p-tablica_6f1ed.jpg\" alt=\"eko-ck-p-tablica.jpg\" \/><\/p>\n<p>&nbsp;<\/p>","protected":false},"excerpt":{"rendered":"<p>\u010celi\u010dni toplovodni kotao snage od 14 kW do 90 kW predvi\u0111en je za lo\u017eenje na \u010dvrsto gorivo sa mogu\u0107no\u0161\u0107u prelaska na pelet. Namenjeni su grejanju od najmanjih pa do velikih objekata. Niz proverenih tehni\u010dkih re\u0161enja \u010dini ove kotlove sigurnim i pouzdanim u radu. Ekolo\u0161ki je prihvatljiv jer posti\u017ee niske sadr\u017eaje \u0161tetnih sastojaka u izlaznim dimnim [&hellip;]<\/p>\n","protected":false},"featured_media":16023,"template":"","meta":[],"product_brand":[4199],"product_cat":[4193,4189],"product_tag":[],"class_list":{"0":"post-16022","1":"product","2":"type-product","3":"status-publish","4":"has-post-thumbnail","6":"product_brand-centrometal","7":"product_cat-celicni-kotlovi","8":"product_cat-kotlovi-na-cvrsto-gorivo","10":"first","11":"instock","12":"purchasable","13":"product-type-simple"},"_links":{"self":[{"href":"https:\/\/hidroterm.dmcsrbija.com\/ru\/wp-json\/wp\/v2\/product\/16022","targetHints":{"allow":["GET"]}}],"collection":[{"href":"https:\/\/hidroterm.dmcsrbija.com\/ru\/wp-json\/wp\/v2\/product"}],"about":[{"href":"https:\/\/hidroterm.dmcsrbija.com\/ru\/wp-json\/wp\/v2\/types\/product"}],"wp:featuredmedia":[{"embeddable":true,"href":"https:\/\/hidroterm.dmcsrbija.com\/ru\/wp-json\/wp\/v2\/media\/16023"}],"wp:attachment":[{"href":"https:\/\/hidroterm.dmcsrbija.com\/ru\/wp-json\/wp\/v2\/media?parent=16022"}],"wp:term":[{"taxonomy":"product_brand","embeddable":true,"href":"https:\/\/hidroterm.dmcsrbija.com\/ru\/wp-json\/wp\/v2\/product_brand?post=16022"},{"taxonomy":"product_cat","embeddable":true,"href":"https:\/\/hidroterm.dmcsrbija.com\/ru\/wp-json\/wp\/v2\/product_cat?post=16022"},{"taxonomy":"product_tag","embeddable":true,"href":"https:\/\/hidroterm.dmcsrbija.com\/ru\/wp-json\/wp\/v2\/product_tag?post=16022"}],"curies":[{"name":"wp","href":"https:\/\/api.w.org\/{rel}","templated":true}]}}