{"id":16018,"date":"2025-07-15T10:58:24","date_gmt":"2025-07-15T08:58:24","guid":{"rendered":"https:\/\/foxit-technology.com\/proizvod\/kotao-megal-tkm\/"},"modified":"2025-07-15T10:58:30","modified_gmt":"2025-07-15T08:58:30","slug":"kotao-megal-tkm","status":"publish","type":"product","link":"https:\/\/hidroterm.dmcsrbija.com\/ru\/proizvod\/kotao-megal-tkm\/","title":{"rendered":"Kotao Megal TKM"},"content":{"rendered":"<p>TKM serija kotlova Megal jeste serija trajno\u017eare\u0107ih kotlova namenjenih za lo\u017eenje srednjekalori\u010dnim ugljevima granulacije ve\u0107e od 30 mm i drugim \u010dvrstim gorivima, kao i sa te\u010dnim i gasovitim gorivom<\/p>","protected":false},"excerpt":{"rendered":"<p>TKM serija kotlova Megal jeste serija trajno\u017eare\u0107ih kotlova namenjenih za lo\u017eenje srednjekalori\u010dnim ugljevima granulacije ve\u0107e od 30 mm i drugim \u010dvrstim gorivima, kao i sa te\u010dnim i gasovitim gorivom<\/p>","protected":false},"featured_media":16019,"template":"","meta":[],"product_brand":[4198],"product_cat":[4193,4189],"product_tag":[],"class_list":{"0":"post-16018","1":"product","2":"type-product","3":"status-publish","4":"has-post-thumbnail","6":"product_brand-megal","7":"product_cat-celicni-kotlovi","8":"product_cat-kotlovi-na-cvrsto-gorivo","10":"first","11":"instock","12":"purchasable","13":"product-type-simple"},"_links":{"self":[{"href":"https:\/\/hidroterm.dmcsrbija.com\/ru\/wp-json\/wp\/v2\/product\/16018","targetHints":{"allow":["GET"]}}],"collection":[{"href":"https:\/\/hidroterm.dmcsrbija.com\/ru\/wp-json\/wp\/v2\/product"}],"about":[{"href":"https:\/\/hidroterm.dmcsrbija.com\/ru\/wp-json\/wp\/v2\/types\/product"}],"wp:featuredmedia":[{"embeddable":true,"href":"https:\/\/hidroterm.dmcsrbija.com\/ru\/wp-json\/wp\/v2\/media\/16019"}],"wp:attachment":[{"href":"https:\/\/hidroterm.dmcsrbija.com\/ru\/wp-json\/wp\/v2\/media?parent=16018"}],"wp:term":[{"taxonomy":"product_brand","embeddable":true,"href":"https:\/\/hidroterm.dmcsrbija.com\/ru\/wp-json\/wp\/v2\/product_brand?post=16018"},{"taxonomy":"product_cat","embeddable":true,"href":"https:\/\/hidroterm.dmcsrbija.com\/ru\/wp-json\/wp\/v2\/product_cat?post=16018"},{"taxonomy":"product_tag","embeddable":true,"href":"https:\/\/hidroterm.dmcsrbija.com\/ru\/wp-json\/wp\/v2\/product_tag?post=16018"}],"curies":[{"name":"wp","href":"https:\/\/api.w.org\/{rel}","templated":true}]}}