{"id":16016,"date":"2025-07-15T10:58:24","date_gmt":"2025-07-15T08:58:24","guid":{"rendered":"https:\/\/foxit-technology.com\/proizvod\/kotao-radijator-kraljevo-serija-fk\/"},"modified":"2025-07-15T10:58:29","modified_gmt":"2025-07-15T08:58:29","slug":"kotao-radijator-kraljevo-serija-fk","status":"publish","type":"product","link":"https:\/\/hidroterm.dmcsrbija.com\/ru\/proizvod\/kotao-radijator-kraljevo-serija-fk\/","title":{"rendered":"Kotao Radijator Kraljevo Serija FK"},"content":{"rendered":"<p>Kotlovi Radijator Kraljevo serije FK imaju izmenjiva\u010dke povr\u0161ine koje su tako raspore\u0111ene da ovaj kotao ima lo\u017ei\u0161te sa tzv. gornjim sagorevanjem. Ovakvo lo\u017ei\u0161te je primereno sagorevanju svih vrsta ugljeva, granulisanog uglja, peleta i svih vrsta biomase. Ventilator je sme\u0161ten sa zadnje strane, ali se primarni vazduh kanalima dovodi napred, ispod lo\u017ei\u0161nog rosta. Tako\u0111e na gornjim vratima postoje dovodi za sekundarni vazduh koji osim funkcije sagorevanja spre\u010dava pojavu izlaska dima. Ovaj kotao se karakteri\u0161e visokim stepenom iskori\u0161\u0107enja (blizu 90%) zbog ventilatora koji dodatno poma\u017ee sagorevanju. Zahvaljuju\u0107i tome, posti\u017ee se br\u017ee radna temperatura i gotovo je nemogu\u0107e da do\u0111e do ga\u0161enja vatre tokom rada.<\/p>","protected":false},"excerpt":{"rendered":"<p>Kotlovi Radijator Kraljevo serije FK imaju izmenjiva\u010dke povr\u0161ine koje su tako raspore\u0111ene da ovaj kotao ima lo\u017ei\u0161te sa tzv. gornjim sagorevanjem. Ovakvo lo\u017ei\u0161te je primereno sagorevanju svih vrsta ugljeva, granulisanog uglja, peleta i svih vrsta biomase. Ventilator je sme\u0161ten sa zadnje strane, ali se primarni vazduh kanalima dovodi napred, ispod lo\u017ei\u0161nog rosta. Tako\u0111e na gornjim [&hellip;]<\/p>\n","protected":false},"featured_media":16017,"template":"","meta":[],"product_brand":[4197],"product_cat":[4193,4189],"product_tag":[],"class_list":{"0":"post-16016","1":"product","2":"type-product","3":"status-publish","4":"has-post-thumbnail","6":"product_brand-radijator-kraljevo","7":"product_cat-celicni-kotlovi","8":"product_cat-kotlovi-na-cvrsto-gorivo","10":"first","11":"instock","12":"purchasable","13":"product-type-simple"},"_links":{"self":[{"href":"https:\/\/hidroterm.dmcsrbija.com\/ru\/wp-json\/wp\/v2\/product\/16016","targetHints":{"allow":["GET"]}}],"collection":[{"href":"https:\/\/hidroterm.dmcsrbija.com\/ru\/wp-json\/wp\/v2\/product"}],"about":[{"href":"https:\/\/hidroterm.dmcsrbija.com\/ru\/wp-json\/wp\/v2\/types\/product"}],"wp:featuredmedia":[{"embeddable":true,"href":"https:\/\/hidroterm.dmcsrbija.com\/ru\/wp-json\/wp\/v2\/media\/16017"}],"wp:attachment":[{"href":"https:\/\/hidroterm.dmcsrbija.com\/ru\/wp-json\/wp\/v2\/media?parent=16016"}],"wp:term":[{"taxonomy":"product_brand","embeddable":true,"href":"https:\/\/hidroterm.dmcsrbija.com\/ru\/wp-json\/wp\/v2\/product_brand?post=16016"},{"taxonomy":"product_cat","embeddable":true,"href":"https:\/\/hidroterm.dmcsrbija.com\/ru\/wp-json\/wp\/v2\/product_cat?post=16016"},{"taxonomy":"product_tag","embeddable":true,"href":"https:\/\/hidroterm.dmcsrbija.com\/ru\/wp-json\/wp\/v2\/product_tag?post=16016"}],"curies":[{"name":"wp","href":"https:\/\/api.w.org\/{rel}","templated":true}]}}