{"id":16014,"date":"2025-07-15T10:58:24","date_gmt":"2025-07-15T08:58:24","guid":{"rendered":"https:\/\/foxit-technology.com\/proizvod\/kotao-radijator-kraljevo-serija-c\/"},"modified":"2025-07-15T10:58:29","modified_gmt":"2025-07-15T08:58:29","slug":"kotao-radijator-kraljevo-serija-c","status":"publish","type":"product","link":"https:\/\/hidroterm.dmcsrbija.com\/ru\/proizvod\/kotao-radijator-kraljevo-serija-c\/","title":{"rendered":"Kotao Radijator Kraljevo Serija C"},"content":{"rendered":"<p>Radijator Kraljevo serije C je \u010deli\u010dni kotao namenjen za \u010dvrsto gorivo (drva i ugalj). Karakteri\u0161e se vioskim stepenom iskori\u0161\u0107enja a zbog tzv. gornjeg sagorevanja, najvi\u0161i stepen iskori\u0161\u0107enja ostvaruju se ugljem, drvenim otpadom, biomasom, me\u0111utim pokazalo se da je iskori\u0161\u0107enje gotovo isto kada se kao ogrev koristi drvo tako da je ova karakteristika univerzalnosti ogreva izdvojila C kotao u proizvodnom programu. Kotlovi serije K Izra\u0111uju se u serijama od 18 do 80kW. Za njihovu izgradnju koriste se limovi 4 i 5 mm u kotlovskom kvalitetu C1204 JUS standard odnosno Hll po DIN standardu. Kotlovi serije K imaju tzv. donje sagorevanje, pa su izrazito trajno\u017earaju\u0107i. U zadnjem delu lo\u017ei\u0161ta postavljene su vatrostalne opeke od samotnog temperaturski akomuliraju\u0107eg materijala. One se zagrevaju na temperaturu koja je dovoljna da sagori ina\u010de te\u0161ko sagorljive \u010destice u dimnim gasovima.<\/p>","protected":false},"excerpt":{"rendered":"<p>Radijator Kraljevo serije C je \u010deli\u010dni kotao namenjen za \u010dvrsto gorivo (drva i ugalj). Karakteri\u0161e se vioskim stepenom iskori\u0161\u0107enja a zbog tzv. gornjeg sagorevanja, najvi\u0161i stepen iskori\u0161\u0107enja ostvaruju se ugljem, drvenim otpadom, biomasom, me\u0111utim pokazalo se da je iskori\u0161\u0107enje gotovo isto kada se kao ogrev koristi drvo tako da je ova karakteristika univerzalnosti ogreva izdvojila [&hellip;]<\/p>\n","protected":false},"featured_media":16015,"template":"","meta":[],"product_brand":[4197],"product_cat":[4193,4189],"product_tag":[],"class_list":{"0":"post-16014","1":"product","2":"type-product","3":"status-publish","4":"has-post-thumbnail","6":"product_brand-radijator-kraljevo","7":"product_cat-celicni-kotlovi","8":"product_cat-kotlovi-na-cvrsto-gorivo","10":"first","11":"instock","12":"purchasable","13":"product-type-simple"},"_links":{"self":[{"href":"https:\/\/hidroterm.dmcsrbija.com\/ru\/wp-json\/wp\/v2\/product\/16014","targetHints":{"allow":["GET"]}}],"collection":[{"href":"https:\/\/hidroterm.dmcsrbija.com\/ru\/wp-json\/wp\/v2\/product"}],"about":[{"href":"https:\/\/hidroterm.dmcsrbija.com\/ru\/wp-json\/wp\/v2\/types\/product"}],"wp:featuredmedia":[{"embeddable":true,"href":"https:\/\/hidroterm.dmcsrbija.com\/ru\/wp-json\/wp\/v2\/media\/16015"}],"wp:attachment":[{"href":"https:\/\/hidroterm.dmcsrbija.com\/ru\/wp-json\/wp\/v2\/media?parent=16014"}],"wp:term":[{"taxonomy":"product_brand","embeddable":true,"href":"https:\/\/hidroterm.dmcsrbija.com\/ru\/wp-json\/wp\/v2\/product_brand?post=16014"},{"taxonomy":"product_cat","embeddable":true,"href":"https:\/\/hidroterm.dmcsrbija.com\/ru\/wp-json\/wp\/v2\/product_cat?post=16014"},{"taxonomy":"product_tag","embeddable":true,"href":"https:\/\/hidroterm.dmcsrbija.com\/ru\/wp-json\/wp\/v2\/product_tag?post=16014"}],"curies":[{"name":"wp","href":"https:\/\/api.w.org\/{rel}","templated":true}]}}