{"id":16012,"date":"2025-07-15T10:58:24","date_gmt":"2025-07-15T08:58:24","guid":{"rendered":"https:\/\/foxit-technology.com\/proizvod\/kotao-radijator-kraljevo-serija-k\/"},"modified":"2025-07-15T10:58:29","modified_gmt":"2025-07-15T08:58:29","slug":"kotao-radijator-kraljevo-serija-k","status":"publish","type":"product","link":"https:\/\/hidroterm.dmcsrbija.com\/ru\/proizvod\/kotao-radijator-kraljevo-serija-k\/","title":{"rendered":"Kotao Radijator Kraljevo Serija K"},"content":{"rendered":"<p>Kotlovi serije K imaju tzv. donje sagorevanje, pa su izrazito trajno\u017earaju\u0107i. U zadnjem delu lo\u017ei\u0161ta postavljene su vatrostalne opeke od samotnog temperaturski akomuliraju\u0107eg materijala. One se zagrevaju na temperaturu koja je dovoljna da sagori ina\u010de te\u0161ko sagorljive \u010destice u dimnim gasovima. Poseduje veliki spremnik za ogrev, tako daje mogu\u0107e celodnevno kori\u0161\u0107enje kotlova sa jednim do dva punjenja. U zadnjem delu lo\u017ei\u0161ta postavljene su vatrostalne opeke od samotnog temperaturski akomuliraju\u0107eg materijala. One se zagrevaju na temperaturu koja je dovoljna da sagori ina\u010de te\u0161ko sagorljive \u010destice u dimnim gasovima.<\/p>","protected":false},"excerpt":{"rendered":"<p>Kotlovi serije K imaju tzv. donje sagorevanje, pa su izrazito trajno\u017earaju\u0107i. U zadnjem delu lo\u017ei\u0161ta postavljene su vatrostalne opeke od samotnog temperaturski akomuliraju\u0107eg materijala. One se zagrevaju na temperaturu koja je dovoljna da sagori ina\u010de te\u0161ko sagorljive \u010destice u dimnim gasovima. Poseduje veliki spremnik za ogrev, tako daje mogu\u0107e celodnevno kori\u0161\u0107enje kotlova sa jednim do [&hellip;]<\/p>\n","protected":false},"featured_media":16013,"template":"","meta":[],"product_brand":[4197],"product_cat":[4193,4189],"product_tag":[],"class_list":{"0":"post-16012","1":"product","2":"type-product","3":"status-publish","4":"has-post-thumbnail","6":"product_brand-radijator-kraljevo","7":"product_cat-celicni-kotlovi","8":"product_cat-kotlovi-na-cvrsto-gorivo","10":"first","11":"instock","12":"purchasable","13":"product-type-simple"},"_links":{"self":[{"href":"https:\/\/hidroterm.dmcsrbija.com\/ru\/wp-json\/wp\/v2\/product\/16012","targetHints":{"allow":["GET"]}}],"collection":[{"href":"https:\/\/hidroterm.dmcsrbija.com\/ru\/wp-json\/wp\/v2\/product"}],"about":[{"href":"https:\/\/hidroterm.dmcsrbija.com\/ru\/wp-json\/wp\/v2\/types\/product"}],"wp:featuredmedia":[{"embeddable":true,"href":"https:\/\/hidroterm.dmcsrbija.com\/ru\/wp-json\/wp\/v2\/media\/16013"}],"wp:attachment":[{"href":"https:\/\/hidroterm.dmcsrbija.com\/ru\/wp-json\/wp\/v2\/media?parent=16012"}],"wp:term":[{"taxonomy":"product_brand","embeddable":true,"href":"https:\/\/hidroterm.dmcsrbija.com\/ru\/wp-json\/wp\/v2\/product_brand?post=16012"},{"taxonomy":"product_cat","embeddable":true,"href":"https:\/\/hidroterm.dmcsrbija.com\/ru\/wp-json\/wp\/v2\/product_cat?post=16012"},{"taxonomy":"product_tag","embeddable":true,"href":"https:\/\/hidroterm.dmcsrbija.com\/ru\/wp-json\/wp\/v2\/product_tag?post=16012"}],"curies":[{"name":"wp","href":"https:\/\/api.w.org\/{rel}","templated":true}]}}