{"id":16000,"date":"2025-07-15T10:58:24","date_gmt":"2025-07-15T08:58:24","guid":{"rendered":"https:\/\/foxit-technology.com\/proizvod\/kotao-termomont-tkk\/"},"modified":"2025-10-15T08:49:46","modified_gmt":"2025-10-15T06:49:46","slug":"kotao-termomont-tkk","status":"publish","type":"product","link":"https:\/\/hidroterm.dmcsrbija.com\/ru\/proizvod\/kotao-termomont-tkk\/","title":{"rendered":"Kotao Termomont TKK 14kW"},"content":{"rendered":"<h2>Kotao Termomont TKK 14 kW<\/h2>\n<p data-start=\"552\" data-end=\"1088\"><strong data-start=\"552\" data-end=\"575\">Termomont TKK 14 kW<\/strong> kotao je namenjen sagorevanju \u010dvrstih goriva \u2013 drveta, mrkog uglja i briketa. Namenjen je za sisteme centralnog grejanja sa prirodnom ili prinudnom cirkulacijom vode.<br data-start=\"742\" data-end=\"745\" \/>Lo\u017ei\u0161te kotla izra\u0111eno je od \u010delika sa dvopromajnim sistemom sagorevanja i rostom od vodohla\u0111enih cevi, \u0161to omogu\u0107ava efikasan prenos toplote i dugotrajnu otpornost na visoke temperature.<br data-start=\"932\" data-end=\"935\" \/>Zahvaljuju\u0107i konstrukciji sa dve horizontalne promaje i kosim lo\u017ei\u0161tem, ovaj model pru\u017ea odli\u010dnu stabilnost temperature i ujedna\u010deno grejanje prostora.<\/p>\n<p data-start=\"1090\" data-end=\"1233\">Kotao <strong data-start=\"1096\" data-end=\"1113\">Termomont TKK<\/strong> dostupan je u snagama od <strong data-start=\"1139\" data-end=\"1157\">14 kW do 50 kW<\/strong>, \u0161to omogu\u0107ava izbor modela prema potrebama korisnika i veli\u010dini objekta.<\/p>\n<h3 data-start=\"2014\" data-end=\"2060\"><strong data-start=\"2018\" data-end=\"2060\">Za\u0161to izabrati ba\u0161 Termomont TKK 14 kW<\/strong><\/h3>\n<p data-start=\"2061\" data-end=\"2532\">Kupovinom kotla <strong data-start=\"2077\" data-end=\"2100\">Termomont TKK 14 kW<\/strong> dobijate proizvod doma\u0107eg proizvo\u0111a\u010da sa izuzetnim kvalitetom izrade i jednostavnim odr\u017eavanjem.<br data-start=\"2197\" data-end=\"2200\" \/>Debljina \u010deli\u010dnog lima od 5 mm u klju\u010dnim zonama, uz dvopromajni sistem i vodohla\u0111eni ro\u0161t, obezbe\u0111uju dug vek trajanja i visoku otpornost na termi\u010dke deformacije.<br data-start=\"2363\" data-end=\"2366\" \/>Ovaj kotao predstavlja pouzdan izbor za one koji \u017eele stabilno i ekonomi\u010dno grejanje, uz mogu\u0107nost primene u razli\u010ditim tipovima sistema \u2013 otvorenim ili zatvorenim.<\/p>\n<p data-start=\"2534\" data-end=\"2678\"><em data-start=\"2534\" data-end=\"2678\">Odabir snage kotla preporu\u010duje se u saradnji sa investitorom i projektantom grejnog sistema, u skladu sa veli\u010dinom objekta i gubicima toplote.<\/em><\/p>\n<p data-start=\"2703\" data-end=\"2996\"><strong data-start=\"2703\" data-end=\"2732\">Kotao Termomont TKK 14 kW<\/strong> je idealno re\u0161enje za doma\u0107instva koja \u017eele sigurno, ekonomi\u010dno i dugotrajno grejanje na \u010dvrsta goriva.<br data-start=\"2836\" data-end=\"2839\" \/>Kombinacija kvalitetne \u010deli\u010dne izrade, funkcionalnog dizajna i doma\u0107e proizvodnje garantuje pouzdanost i jednostavno kori\u0161\u0107enje tokom mnogih sezona grejanja.<\/p>\n<p class=\"p1\"><strong><em>*Garancija 5 godina.\u00a0Zemlja porekla Srbija.<\/em><\/strong><\/p>\n<p class=\"p1\"><strong><em>*\u00a0Odabir snage kotla je na investitoru i projektantu grejne mre\u017ee<\/em><\/strong><\/p>","protected":false},"excerpt":{"rendered":"<p data-start=\"317\" data-end=\"518\">Kotao Termomont TKK 14 kW je \u010deli\u010dni kotao doma\u0107e proizvodnje sa dve horizontalne promaje i kosim lo\u017ei\u0161tem, namenjen grejanju manjih stambenih i poslovnih prostora uz visoku efikasnost i dug radni vek.<\/p>","protected":false},"featured_media":16001,"template":"","meta":[],"product_brand":[4195],"product_cat":[4193,4189],"product_tag":[],"class_list":{"0":"post-16000","1":"product","2":"type-product","3":"status-publish","4":"has-post-thumbnail","6":"product_brand-termomont","7":"product_cat-celicni-kotlovi","8":"product_cat-kotlovi-na-cvrsto-gorivo","10":"first","11":"instock","12":"purchasable","13":"product-type-simple"},"_links":{"self":[{"href":"https:\/\/hidroterm.dmcsrbija.com\/ru\/wp-json\/wp\/v2\/product\/16000","targetHints":{"allow":["GET"]}}],"collection":[{"href":"https:\/\/hidroterm.dmcsrbija.com\/ru\/wp-json\/wp\/v2\/product"}],"about":[{"href":"https:\/\/hidroterm.dmcsrbija.com\/ru\/wp-json\/wp\/v2\/types\/product"}],"wp:featuredmedia":[{"embeddable":true,"href":"https:\/\/hidroterm.dmcsrbija.com\/ru\/wp-json\/wp\/v2\/media\/16001"}],"wp:attachment":[{"href":"https:\/\/hidroterm.dmcsrbija.com\/ru\/wp-json\/wp\/v2\/media?parent=16000"}],"wp:term":[{"taxonomy":"product_brand","embeddable":true,"href":"https:\/\/hidroterm.dmcsrbija.com\/ru\/wp-json\/wp\/v2\/product_brand?post=16000"},{"taxonomy":"product_cat","embeddable":true,"href":"https:\/\/hidroterm.dmcsrbija.com\/ru\/wp-json\/wp\/v2\/product_cat?post=16000"},{"taxonomy":"product_tag","embeddable":true,"href":"https:\/\/hidroterm.dmcsrbija.com\/ru\/wp-json\/wp\/v2\/product_tag?post=16000"}],"curies":[{"name":"wp","href":"https:\/\/api.w.org\/{rel}","templated":true}]}}