{"id":15998,"date":"2025-07-15T10:58:24","date_gmt":"2025-07-15T08:58:24","guid":{"rendered":"https:\/\/foxit-technology.com\/proizvod\/kotao-termal\/"},"modified":"2025-07-15T10:58:26","modified_gmt":"2025-07-15T08:58:26","slug":"kotao-termal","status":"publish","type":"product","link":"https:\/\/hidroterm.dmcsrbija.com\/ru\/proizvod\/kotao-termal\/","title":{"rendered":"Kotao Termal"},"content":{"rendered":"<p>Thermal \u010deli\u010dni kotlovi namenjeni su za grejanje stambenih povr\u0161ina i poslovnih objekata ali i velikih proizvodnih hala. Osnovno pokreta\u010dko gorivo je \u010dvrsto (drva i ugalj) ali se mogu preraditi i na lo\u017e ulje i pelet. Vrata za lo\u017eenje su dovoljno velika tako da omogu\u0107avaju lo\u017eenje i krupnijim komadima ogrevnog materijala.<\/p>","protected":false},"excerpt":{"rendered":"<p>Thermal \u010deli\u010dni kotlovi namenjeni su za grejanje stambenih povr\u0161ina i poslovnih objekata ali i velikih proizvodnih hala. Osnovno pokreta\u010dko gorivo je \u010dvrsto (drva i ugalj) ali se mogu preraditi i na lo\u017e ulje i pelet. Vrata za lo\u017eenje su dovoljno velika tako da omogu\u0107avaju lo\u017eenje i krupnijim komadima ogrevnog materijala.<\/p>","protected":false},"featured_media":15999,"template":"","meta":[],"product_brand":[4194],"product_cat":[4193,4189],"product_tag":[],"class_list":{"0":"post-15998","1":"product","2":"type-product","3":"status-publish","4":"has-post-thumbnail","6":"product_brand-termal","7":"product_cat-celicni-kotlovi","8":"product_cat-kotlovi-na-cvrsto-gorivo","10":"first","11":"instock","12":"purchasable","13":"product-type-simple"},"_links":{"self":[{"href":"https:\/\/hidroterm.dmcsrbija.com\/ru\/wp-json\/wp\/v2\/product\/15998","targetHints":{"allow":["GET"]}}],"collection":[{"href":"https:\/\/hidroterm.dmcsrbija.com\/ru\/wp-json\/wp\/v2\/product"}],"about":[{"href":"https:\/\/hidroterm.dmcsrbija.com\/ru\/wp-json\/wp\/v2\/types\/product"}],"wp:featuredmedia":[{"embeddable":true,"href":"https:\/\/hidroterm.dmcsrbija.com\/ru\/wp-json\/wp\/v2\/media\/15999"}],"wp:attachment":[{"href":"https:\/\/hidroterm.dmcsrbija.com\/ru\/wp-json\/wp\/v2\/media?parent=15998"}],"wp:term":[{"taxonomy":"product_brand","embeddable":true,"href":"https:\/\/hidroterm.dmcsrbija.com\/ru\/wp-json\/wp\/v2\/product_brand?post=15998"},{"taxonomy":"product_cat","embeddable":true,"href":"https:\/\/hidroterm.dmcsrbija.com\/ru\/wp-json\/wp\/v2\/product_cat?post=15998"},{"taxonomy":"product_tag","embeddable":true,"href":"https:\/\/hidroterm.dmcsrbija.com\/ru\/wp-json\/wp\/v2\/product_tag?post=15998"}],"curies":[{"name":"wp","href":"https:\/\/api.w.org\/{rel}","templated":true}]}}