{"id":15996,"date":"2025-07-15T10:58:24","date_gmt":"2025-07-15T08:58:24","guid":{"rendered":"https:\/\/foxit-technology.com\/proizvod\/kotao-mareli-calisto\/"},"modified":"2025-07-15T10:58:25","modified_gmt":"2025-07-15T08:58:25","slug":"kotao-mareli-calisto","status":"publish","type":"product","link":"https:\/\/hidroterm.dmcsrbija.com\/ru\/proizvod\/kotao-mareli-calisto\/","title":{"rendered":"Kotao Mareli Calisto"},"content":{"rendered":"<p>Mareli Calisto je kombinovani \u010deli\u010dni kotao na \u010dvrsto gorivo. Prilago\u0111en je za kori\u0161\u0107enje peleta uz dodatak gorionika na pelet. Uz kotao se isporu\u010duju dvoja vrata \u010dime se omogu\u0107uje brzo i lako prela\u017eenje sa jedne vrste goriva na drugu, odnosno sa drva na pelet i obrnuto. Regulator promaje je ura\u010dunat u cenu kotla.<\/p>","protected":false},"excerpt":{"rendered":"<p>Mareli Calisto je kombinovani \u010deli\u010dni kotao na \u010dvrsto gorivo. Prilago\u0111en je za kori\u0161\u0107enje peleta uz dodatak gorionika na pelet. Uz kotao se isporu\u010duju dvoja vrata \u010dime se omogu\u0107uje brzo i lako prela\u017eenje sa jedne vrste goriva na drugu, odnosno sa drva na pelet i obrnuto. Regulator promaje je ura\u010dunat u cenu kotla.<\/p>","protected":false},"featured_media":15997,"template":"","meta":[],"product_brand":[4192],"product_cat":[4193,4189],"product_tag":[],"class_list":{"0":"post-15996","1":"product","2":"type-product","3":"status-publish","4":"has-post-thumbnail","6":"product_brand-mareli","7":"product_cat-celicni-kotlovi","8":"product_cat-kotlovi-na-cvrsto-gorivo","10":"first","11":"instock","12":"purchasable","13":"product-type-simple"},"_links":{"self":[{"href":"https:\/\/hidroterm.dmcsrbija.com\/ru\/wp-json\/wp\/v2\/product\/15996","targetHints":{"allow":["GET"]}}],"collection":[{"href":"https:\/\/hidroterm.dmcsrbija.com\/ru\/wp-json\/wp\/v2\/product"}],"about":[{"href":"https:\/\/hidroterm.dmcsrbija.com\/ru\/wp-json\/wp\/v2\/types\/product"}],"wp:featuredmedia":[{"embeddable":true,"href":"https:\/\/hidroterm.dmcsrbija.com\/ru\/wp-json\/wp\/v2\/media\/15997"}],"wp:attachment":[{"href":"https:\/\/hidroterm.dmcsrbija.com\/ru\/wp-json\/wp\/v2\/media?parent=15996"}],"wp:term":[{"taxonomy":"product_brand","embeddable":true,"href":"https:\/\/hidroterm.dmcsrbija.com\/ru\/wp-json\/wp\/v2\/product_brand?post=15996"},{"taxonomy":"product_cat","embeddable":true,"href":"https:\/\/hidroterm.dmcsrbija.com\/ru\/wp-json\/wp\/v2\/product_cat?post=15996"},{"taxonomy":"product_tag","embeddable":true,"href":"https:\/\/hidroterm.dmcsrbija.com\/ru\/wp-json\/wp\/v2\/product_tag?post=15996"}],"curies":[{"name":"wp","href":"https:\/\/api.w.org\/{rel}","templated":true}]}}