{"id":15994,"date":"2025-07-15T10:58:24","date_gmt":"2025-07-15T08:58:24","guid":{"rendered":"https:\/\/foxit-technology.com\/proizvod\/kotao-ferroli\/"},"modified":"2025-07-15T10:58:25","modified_gmt":"2025-07-15T08:58:25","slug":"kotao-ferroli","status":"publish","type":"product","link":"https:\/\/hidroterm.dmcsrbija.com\/ru\/proizvod\/kotao-ferroli\/","title":{"rendered":"Kotao Ferroli"},"content":{"rendered":"<p>Ferroli je kotao italijanskog proizvo\u0111a\u010da koji se ogleda u visoko kvalitetnom livenom \u010deliku koji je pogodan za lo\u017eenje \u010dvrstim gorivom. Prostrana komora za sagorevanje, zapremine do 128 dm3, omogu\u0107ava lo\u017eenje velikih komada drveta sa du\u017eim vremenskim intervalima izme\u0111u dva lo\u017eenja. Kotao ima podesivu klapnu na izlaznom dimovodnom priklju\u010dku kotla i posudu za pepeo iza\u0111enu od ner\u0111aju\u0107eg \u010delika sa lakim prednjim pristupom.<\/p>\n<p>&nbsp;<\/p>\n<p><em><strong>*Uz kupljen kotao dolazi \u010detka za \u010di\u0161\u0107enje i regulator promaje.*<\/strong><\/em><\/p>","protected":false},"excerpt":{"rendered":"<p>Ferroli je kotao italijanskog proizvo\u0111a\u010da koji se ogleda u visoko kvalitetnom livenom \u010deliku koji je pogodan za lo\u017eenje \u010dvrstim gorivom. Prostrana komora za sagorevanje, zapremine do 128 dm3, omogu\u0107ava lo\u017eenje velikih komada drveta sa du\u017eim vremenskim intervalima izme\u0111u dva lo\u017eenja. Kotao ima podesivu klapnu na izlaznom dimovodnom priklju\u010dku kotla i posudu za pepeo iza\u0111enu od [&hellip;]<\/p>\n","protected":false},"featured_media":15995,"template":"","meta":[],"product_brand":[4191],"product_cat":[4189,4190],"product_tag":[],"class_list":{"0":"post-15994","1":"product","2":"type-product","3":"status-publish","4":"has-post-thumbnail","6":"product_brand-ferroli","7":"product_cat-kotlovi-na-cvrsto-gorivo","8":"product_cat-liveni-kotlovi","10":"first","11":"instock","12":"purchasable","13":"product-type-simple"},"_links":{"self":[{"href":"https:\/\/hidroterm.dmcsrbija.com\/ru\/wp-json\/wp\/v2\/product\/15994","targetHints":{"allow":["GET"]}}],"collection":[{"href":"https:\/\/hidroterm.dmcsrbija.com\/ru\/wp-json\/wp\/v2\/product"}],"about":[{"href":"https:\/\/hidroterm.dmcsrbija.com\/ru\/wp-json\/wp\/v2\/types\/product"}],"wp:featuredmedia":[{"embeddable":true,"href":"https:\/\/hidroterm.dmcsrbija.com\/ru\/wp-json\/wp\/v2\/media\/15995"}],"wp:attachment":[{"href":"https:\/\/hidroterm.dmcsrbija.com\/ru\/wp-json\/wp\/v2\/media?parent=15994"}],"wp:term":[{"taxonomy":"product_brand","embeddable":true,"href":"https:\/\/hidroterm.dmcsrbija.com\/ru\/wp-json\/wp\/v2\/product_brand?post=15994"},{"taxonomy":"product_cat","embeddable":true,"href":"https:\/\/hidroterm.dmcsrbija.com\/ru\/wp-json\/wp\/v2\/product_cat?post=15994"},{"taxonomy":"product_tag","embeddable":true,"href":"https:\/\/hidroterm.dmcsrbija.com\/ru\/wp-json\/wp\/v2\/product_tag?post=15994"}],"curies":[{"name":"wp","href":"https:\/\/api.w.org\/{rel}","templated":true}]}}